{"id":6749,"date":"2025-07-10T11:56:38","date_gmt":"2025-07-10T04:56:38","guid":{"rendered":"https:\/\/lamourphuketwedding.com\/?page_id=6749\/"},"modified":"2025-07-10T11:56:38","modified_gmt":"2025-07-10T04:56:38","slug":"design-decoration-de-mariage","status":"publish","type":"page","link":"https:\/\/lamourphuketwedding.com\/fr\/design-decoration-de-mariage\/","title":{"rendered":"Design &#038; D\u00e9coration de Mariage"},"content":{"rendered":"<section class=\"cata-section cata-section-container-stretch\" id=\"section_7ec9urgwgn\" style=\"\" ><div class=\"cata-container\"><div class=\"cata-row cata-columns-gap-30\"><div class=\"cata-column wpb_column vc_column_container  col-xs-mobile-fullwidth  col-sm-8\"  id=\"column_iat9w1pnm0\" style=\"\"><div class=\"cata-column-wrapper vc-column-innner-wrapper\" style=\"\">[vc_column_text css_animation=\u00a0\u00bbflipInX\u00a0\u00bb]\n<p data-start=\"117\" data-end=\"153\"><strong>De la conception \u00e0 la cr\u00e9ation<\/strong><\/p>\n<p data-start=\"155\" data-end=\"451\">Nous vous accompagnons \u00e0 chaque \u00e9tape pour faire de votre th\u00e8me de mariage une r\u00e9alit\u00e9 unique et personnalis\u00e9e. Chez L\u2019Amour, nous sommes convaincus que chaque d\u00e9tail compte, c\u2019est pourquoi nous accordons une attention toute particuli\u00e8re \u00e0 l\u2019esth\u00e9tique et au style de votre \u00e9v\u00e9nement.<\/p>\n<p data-start=\"453\" data-end=\"852\">Tout ce que vos invit\u00e9s verront le jour J sera en parfaite harmonie avec le th\u00e8me que vous aurez choisi. Nous commen\u00e7ons par la cr\u00e9ation des cartes \u00ab\u00a0Save the Date\u00a0\u00bb, des invitations et des cartes de remerciement. Puis, nous harmonisons le tout avec un menu, des programmes du jour, un plan de table et m\u00eame un blog de mariage, enti\u00e8rement dans le style que vous aimez.<\/p>\n<hr data-start=\"854\" data-end=\"857\" \/>\n<p data-start=\"859\" data-end=\"891\"><strong>Ambiance &amp; d\u00e9tails visuels<\/strong><\/p>\n<p data-start=\"893\" data-end=\"1193\">Nous r\u00e9fl\u00e9chissons \u00e9galement \u00e0 l\u2019animation qui renforcera l\u2019ambiance de votre journ\u00e9e.<br data-start=\"983\" data-end=\"986\" \/>Un photobooth amusant ajouterait-il une touche conviviale \u00e0 la f\u00eate ?<br data-start=\"1059\" data-end=\"1062\" \/>Une arche florale spectaculaire serait-elle le d\u00e9cor parfait pour immortaliser votre premier baiser en tant que mari et femme ?<\/p>\n<p data-start=\"1195\" data-end=\"1315\">Nos cr\u00e9ateurs et d\u00e9corateurs \u00e0 Phuket r\u00e9aliseront des \u00e9l\u00e9ments visuels et d\u00e9coratifs qui \u00e9blouiront vos invit\u00e9s.<\/p>\n<hr data-start=\"1317\" data-end=\"1320\" \/>\n<p data-start=\"1322\" data-end=\"1354\"><strong>Un mariage \u00e0 votre image<\/strong><\/p>\n<p data-start=\"1356\" data-end=\"1531\">Nous collaborons avec les meilleurs sp\u00e9cialistes et designers de Tha\u00eflande pour orchestrer votre mariage signature \u2013 une exp\u00e9rience inoubliable, \u00e0 la hauteur de vos r\u00eaves.<\/p>\n<p data-start=\"1533\" data-end=\"1607\">Contactez-nous d\u00e8s aujourd\u2019hui pour faire de cette vision une r\u00e9alit\u00e9.<\/p>\n[\/vc_column_text]<\/div><\/div><div class=\"cata-column wpb_column vc_column_container  col-xs-mobile-fullwidth  col-sm-4\"  id=\"column_oiwslxii5r\" style=\"\"><div class=\"cata-column-wrapper vc-column-innner-wrapper\" style=\"\">[vc_gallery interval=\u00a0\u00bb3&Prime; images=\u00a0\u00bb5594&Prime; img_size=\u00a0\u00bbfull\u00a0\u00bb]\t\t\t<div id=\"separator_vvr\" class=\"cata-separator cata-element cata-align-center cata-width-100 cata-style-wedding cata-sep-solid cata-border-width-1 \" >\r\n\t\t\t\t<span class=\"cata-sep-holder cata-sep-holder-l\"><span class=\"cata-sep-line\"><\/span><\/span>\r\n\t\t\t\t<span class=\"cata-sep-holder cata-sep-holder-r\"><span class=\"cata-sep-line\"><\/span><\/span>\r\n\t\t\t<\/div>\r\n\t\t[vc_gallery interval=\u00a0\u00bb3&Prime; images=\u00a0\u00bb5533,5532,5531&Prime; img_size=\u00a0\u00bbfull\u00a0\u00bb]<\/div><\/div><\/div><\/div><\/section>\n","protected":false},"excerpt":{"rendered":"[vc_column_text css_animation=\"flipInX\"] De la conception \u00e0 la cr\u00e9ation Nous vous accompagnons \u00e0 chaque \u00e9tape pour faire de votre th\u00e8me de mariage une r\u00e9alit\u00e9 unique et personnalis\u00e9e. Chez L\u2019Amour, nous sommes convaincus que chaque d\u00e9tail compte, [...]","protected":false},"author":1,"featured_media":0,"parent":0,"menu_order":0,"comment_status":"closed","ping_status":"closed","template":"","meta":{"footnotes":""},"class_list":["post-6749","page","type-page","status-publish","hentry"],"_links":{"self":[{"href":"https:\/\/lamourphuketwedding.com\/fr\/wp-json\/wp\/v2\/pages\/6749","targetHints":{"allow":["GET"]}}],"collection":[{"href":"https:\/\/lamourphuketwedding.com\/fr\/wp-json\/wp\/v2\/pages"}],"about":[{"href":"https:\/\/lamourphuketwedding.com\/fr\/wp-json\/wp\/v2\/types\/page"}],"author":[{"embeddable":true,"href":"https:\/\/lamourphuketwedding.com\/fr\/wp-json\/wp\/v2\/users\/1"}],"replies":[{"embeddable":true,"href":"https:\/\/lamourphuketwedding.com\/fr\/wp-json\/wp\/v2\/comments?post=6749"}],"version-history":[{"count":2,"href":"https:\/\/lamourphuketwedding.com\/fr\/wp-json\/wp\/v2\/pages\/6749\/revisions"}],"predecessor-version":[{"id":6757,"href":"https:\/\/lamourphuketwedding.com\/fr\/wp-json\/wp\/v2\/pages\/6749\/revisions\/6757"}],"wp:attachment":[{"href":"https:\/\/lamourphuketwedding.com\/fr\/wp-json\/wp\/v2\/media?parent=6749"}],"curies":[{"name":"wp","href":"https:\/\/api.w.org\/{rel}","templated":true}]}}