{"id":6745,"date":"2025-07-08T11:31:34","date_gmt":"2025-07-08T04:31:34","guid":{"rendered":"https:\/\/lamourphuketwedding.com\/?page_id=6745\/"},"modified":"2025-07-08T11:31:34","modified_gmt":"2025-07-08T04:31:34","slug":"coordination-du-jour-j","status":"publish","type":"page","link":"https:\/\/lamourphuketwedding.com\/fr\/coordination-du-jour-j\/","title":{"rendered":"Coordination du Jour J"},"content":{"rendered":"<section class=\"cata-section cata-section-container-stretch\" id=\"section_obw03r9lcn\" style=\"\" ><div class=\"cata-container\"><div class=\"cata-row cata-columns-gap-30\"><div class=\"cata-column wpb_column vc_column_container  col-xs-mobile-fullwidth col-sm-12\"  id=\"column_ghr18ves73\" style=\"\"><div class=\"cata-column-wrapper vc-column-innner-wrapper\" style=\"\">[vc_column_text]\n<p data-start=\"125\" data-end=\"342\"><em>Toutes les pr\u00e9parations de votre mariage sont termin\u00e9es, mais vous souhaitez profiter pleinement de votre journ\u00e9e sp\u00e9ciale \u00e0 Phuket avec vos proches ? Confiez la coordination du jour J \u00e0 notre \u00e9quipe exp\u00e9riment\u00e9e.<\/em><\/p>\n<p data-start=\"454\" data-end=\"834\">Votre mariage sera l\u2019un des jours les plus pr\u00e9cieux de votre vie, rempli de souvenirs inoubliables avec les personnes qui vous sont ch\u00e8res. Si vous pr\u00e9f\u00e9rez savourer chaque moment avec vos invit\u00e9s plut\u00f4t que de vous soucier de l\u2019arriv\u00e9e du traiteur ou de trouver une rallonge \u00e9lectrique pour le groupe de musique, laissez-nous veiller au bon d\u00e9roulement de votre journ\u00e9e \u00e0 Phuket.<\/p>\n<p data-start=\"836\" data-end=\"1077\">Nous sommes \u00e0 vos c\u00f4t\u00e9s dans les <strong data-start=\"869\" data-end=\"906\">derniers mois de la planification<\/strong>. Entre 3 et 6 mois avant la date pr\u00e9vue, nous apprendrons \u00e0 vous conna\u00eetre et nous impr\u00e9gnerons de votre vision pour orchestrer votre mariage tel que vous l\u2019avez imagin\u00e9.<\/p>\n<p data-start=\"1079\" data-end=\"1385\">C\u2019est \u00e9galement \u00e0 ce moment-l\u00e0 que vous nous transmettrez <strong data-start=\"1137\" data-end=\"1173\">les contrats de vos prestataires<\/strong>, afin que nous puissions nous pr\u00e9senter \u00e0 l\u2019\u00e9quipe que vous avez d\u00e9j\u00e0 engag\u00e9e. Nous vous aiderons ensuite \u00e0 finaliser les derniers points \u00e0 r\u00e9gler et \u00e0 \u00e9tablir le <strong data-start=\"1337\" data-end=\"1384\">planning pr\u00e9cis de votre journ\u00e9e de mariage<\/strong>.<\/p>\n<p data-start=\"1387\" data-end=\"1659\">Le jour J, nous serons pr\u00e9sents sur place pour que <strong data-start=\"1438\" data-end=\"1470\">tout se d\u00e9roule parfaitement<\/strong>, dans les moindres d\u00e9tails. Apr\u00e8s tout le travail accompli pour organiser votre mariage en Tha\u00eflande, vous m\u00e9ritez de vivre cette journ\u00e9e magique en toute s\u00e9r\u00e9nit\u00e9, entour\u00e9 de vos proches.<\/p>\n[\/vc_column_text]<\/div><\/div><\/div><\/div><\/section>\n","protected":false},"excerpt":{"rendered":"[vc_column_text] Toutes les pr\u00e9parations de votre mariage sont termin\u00e9es, mais vous souhaitez profiter pleinement de votre journ\u00e9e sp\u00e9ciale \u00e0 Phuket avec vos proches ? Confiez la coordination du jour J \u00e0 notre \u00e9quipe exp\u00e9riment\u00e9e. Votre [...]","protected":false},"author":1,"featured_media":0,"parent":0,"menu_order":0,"comment_status":"closed","ping_status":"closed","template":"","meta":{"footnotes":""},"class_list":["post-6745","page","type-page","status-publish","hentry"],"_links":{"self":[{"href":"https:\/\/lamourphuketwedding.com\/fr\/wp-json\/wp\/v2\/pages\/6745","targetHints":{"allow":["GET"]}}],"collection":[{"href":"https:\/\/lamourphuketwedding.com\/fr\/wp-json\/wp\/v2\/pages"}],"about":[{"href":"https:\/\/lamourphuketwedding.com\/fr\/wp-json\/wp\/v2\/types\/page"}],"author":[{"embeddable":true,"href":"https:\/\/lamourphuketwedding.com\/fr\/wp-json\/wp\/v2\/users\/1"}],"replies":[{"embeddable":true,"href":"https:\/\/lamourphuketwedding.com\/fr\/wp-json\/wp\/v2\/comments?post=6745"}],"version-history":[{"count":1,"href":"https:\/\/lamourphuketwedding.com\/fr\/wp-json\/wp\/v2\/pages\/6745\/revisions"}],"predecessor-version":[{"id":6746,"href":"https:\/\/lamourphuketwedding.com\/fr\/wp-json\/wp\/v2\/pages\/6745\/revisions\/6746"}],"wp:attachment":[{"href":"https:\/\/lamourphuketwedding.com\/fr\/wp-json\/wp\/v2\/media?parent=6745"}],"curies":[{"name":"wp","href":"https:\/\/api.w.org\/{rel}","templated":true}]}}