{"id":6740,"date":"2025-07-08T11:18:44","date_gmt":"2025-07-08T04:18:44","guid":{"rendered":"https:\/\/lamourphuketwedding.com\/?page_id=6740\/"},"modified":"2025-07-08T11:24:00","modified_gmt":"2025-07-08T04:24:00","slug":"a-propos-de-nous","status":"publish","type":"page","link":"https:\/\/lamourphuketwedding.com\/fr\/a-propos-de-nous\/","title":{"rendered":"\u00c0 propos de nous"},"content":{"rendered":"<section class=\"cata-section cata-section-container-stretch row-content-middle cata-row-flex\" id=\"section_szwtp4k36y\" style=\" margin-bottom:100px;\" ><div class=\"cata-container\"><div class=\"cata-row cata-columns-gap-30\"><div class=\"cata-column wpb_column vc_column_container text-left  col-xs-mobile-fullwidth  col-sm-6\"  id=\"column_q1z83ny5vv\" style=\"\"><div class=\"cata-column-wrapper vc-column-innner-wrapper\" style=\"\"><h3 class=\"heading-title style1 text-center has-animation\" data-animation-type=\"fadeInUp\" data-animation-duration=\"700\" data-animation-delay=\"0\"><span><i>\u00c0 PROPOS DE NOUS<\/i> Hello! Nous sommes L\u2019Amour Thailand Weddings <\/span><\/h3><div class=\"cata-text-column cata-element  color-dark has-animation\" data-animation-type=\"fadeInUp\" data-animation-duration=\"700\" data-animation-delay=\"0\">\r\n\t\t\t\t\t<div class=\"text_wrapper\"><p data-start=\"106\" data-end=\"496\"><strong data-start=\"106\" data-end=\"135\">L\u2019Amour Thailand Weddings<\/strong> a \u00e9t\u00e9 fond\u00e9 en 2016 par <strong data-start=\"160\" data-end=\"172\">Natchaya<\/strong>, inspir\u00e9e par les lieux romantiques et magnifiques que l\u2019on trouve \u00e0 travers toute l\u2019\u00eele de Phuket mais aussi \u00e0 travers la Tha\u00eflande. Forte de ses 15 ann\u00e9es d\u2019exp\u00e9rience en tant que Wedding Planner, elle savait que la plus grande \u00eele de Tha\u00eflande offrait une multitude d\u2019endroits parfaits pour que des couples venus du monde entier puissent s\u2019y dire \u00ab oui \u00bb.<\/p>\n<p data-start=\"498\" data-end=\"958\">Apr\u00e8s plusieurs ann\u00e9es \u00e0 vivre sa passion en organisant des mariages de r\u00eave dans les resorts les plus luxueux de Tha\u00eflande, rien n\u2019\u00e9chappe \u00e0 son \u0153il aiguis\u00e9. Que vous soyez un couple \u00e0 la recherche d\u2019un mariage tropical les pieds dans le sable, d\u2019un panorama spectaculaire au sommet d\u2019une falaise, d\u2019un jardin somptueux dans un h\u00f4tel haut de gamme ou d\u2019un restaurant tha\u00ef traditionnel, <strong data-start=\"885\" data-end=\"926\">Natchaya conna\u00eet l\u2019\u00eele comme sa poche<\/strong>. Elle vit \u00e0 Phuket depuis 2007.<\/p>\n<p data-start=\"960\" data-end=\"1393\">Elle est \u00e9paul\u00e9e par <strong data-start=\"981\" data-end=\"989\">Paul<\/strong>, cofondateur de L\u2019Amour, un professionnel fran\u00e7ais de l\u2019h\u00f4tellerie de luxe qui travaille dans ce domaine depuis plus de 20 ans. Install\u00e9 en Tha\u00eflande depuis 2005, il a assur\u00e9 la gestion et le bon fonctionnement d\u2019h\u00f4tels prestigieux \u00e0 travers le monde: des boutiques-h\u00f4tels intimes de 60 villas aux plus grandes marques internationales de 250 chambres, en passant par des h\u00f4tels urbains de 460 chambres.<\/p>\n<p data-start=\"1395\" data-end=\"1663\">Ce duo dynamique met son <strong data-start=\"1420\" data-end=\"1469\">exp\u00e9rience au service de votre mariage unique<\/strong>, dans un d\u00e9cor idyllique \u00e0 Phuket, enti\u00e8rement con\u00e7u selon vos souhaits. Leur parcours professionnel les a conduits \u00e0 rechercher l\u2019excellence \u2013 et \u00e0 l\u2019atteindre \u2013 lors d\u2019\u00e9v\u00e9nements de prestige.<\/p>\n<p data-start=\"1665\" data-end=\"2018\">L\u2019\u00e9quipe de wedding planners de <strong data-start=\"1697\" data-end=\"1708\">L\u2019Amour<\/strong> est convaincue que <strong data-start=\"1728\" data-end=\"1801\">Phuket n\u2019est pas seulement une destination de vacances exceptionnelle<\/strong>, mais aussi <strong data-start=\"1814\" data-end=\"1869\">l\u2019un des meilleurs endroits au monde pour se marier<\/strong>. Cette \u00eele de r\u00eave accueille des amoureux venus de tous les continents, et c\u2019est un lieu o\u00f9 de nombreuses nationalit\u00e9s peuvent se marier l\u00e9galement.<\/p>\n<p data-start=\"2020\" data-end=\"2449\">Au fil des ann\u00e9es, <strong data-start=\"2039\" data-end=\"2059\">Natchaya et Paul<\/strong> ont organis\u00e9 de magnifiques c\u00e9r\u00e9monies, r\u00e9ceptions et f\u00eates de mariage \u00e0 Phuket, devenues des souvenirs inoubliables pour les mari\u00e9s et leurs invit\u00e9s. Ces professionnels peuvent \u00e9galement planifier d\u2019autres \u00e9v\u00e9nements tels que <strong data-start=\"2287\" data-end=\"2339\">anniversaires de mariage ou f\u00eates d\u2019anniversaire<\/strong>, toujours avec le m\u00eame niveau d\u2019exigence et de coordination qu\u2019ils appliquent \u00e0 la planification de mariages.<\/p>\n<p data-start=\"2451\" data-end=\"2646\"><strong data-start=\"2451\" data-end=\"2514\">R\u00e9alisez votre r\u00eave et mariez-vous sur une \u00eele paradisiaque<\/strong> avec L\u2019Amour, des wedding planners passionn\u00e9s qui vous offriront un service personnalis\u00e9 irr\u00e9prochable. <strong data-start=\"2619\" data-end=\"2646\">C\u2019est naturel pour eux.<\/strong><\/p>\n<\/div>\r\n\t\t\t\t<\/div><div id=\"cata_empty_space_c63o7\" class=\"cata-empty-space cata-element\" style=\"height: 32px\" ><\/div><div id=\"cata_custom_heading_34z5kv88e1\" class=\"cata-custom-heading cata-element  vc_custom_1751948636680 has-animation\" data-animation-type=\"fadeInUp\" data-animation-duration=\"700\" data-animation-delay=\"0\"><h6 style=\"font-size: 18px; text-align:center;line-height: 26px; \" class=\"\"><em>Si tu vis jusqu\u2019\u00e0 cent ans, je veux vivre jusqu\u2019\u00e0 cent ans moins un jour, pour ne jamais avoir \u00e0 vivre sans toi.<\/em><\/h6><\/div><\/div><\/div><div class=\"cata-column wpb_column vc_column_container text-center has-animation mobile-margin-top-30px mobile-padding-right-15px mobile-padding-left-15px  col-xs-mobile-fullwidth  col-sm-6\" data-animation-type=\"fadeInUp\" data-animation-duration=\"700\" data-animation-delay=\"0\" id=\"column_pjk52idsy3\" style=\"padding-left:50px;\"><div class=\"cata-column-wrapper vc-column-innner-wrapper\" style=\"\">\t\t<div id=\"cata_single_image_o80gfodeyx\" class=\"cata-single-image cata-element img-left effect-sparkle\" >\r\n\t\t\t<div><figure>\r\n\t\t\t\t<span class=\"cata-effect cata-effect-sparkle\"><\/span>\t\t\t<\/figure><\/div>\r\n\t\t<\/div>\r\n\t\t<\/div><\/div><\/div><\/div><\/section><section class=\"cata-section cata-section-container-stretch has-animation cata-parallax-bg\" id=\"section_3o26ucvaie\" data-prlx-speed=\"0.1\" style=\" padding-top:170px; padding-bottom:150px; margin-bottom:100px;\" data-animation-type=\"fadeInUp\" data-animation-duration=\"700\" data-animation-delay=\"0\"><div class=\"cata-container\"><div class=\"cata-row cata-columns-gap-30\"><div class=\"cata-column wpb_column vc_column_container  col-xs-mobile-fullwidth col-sm-12\"  id=\"column_72b0ktlfnm\" style=\"\"><div class=\"cata-column-wrapper vc-column-innner-wrapper\" style=\"\"><div id=\"cata_custom_heading_sptzgr1ose\" class=\"cata-custom-heading cata-element  vc_custom_1516238132718\" ><h4 style=\"font-size: 60px; text-align:center;color: #ffffff; line-height: 70px; \" class=\"\">Fallen In Love Yet?<\/h4><\/div><div id=\"cata_custom_heading_ezcdxsaw54\" class=\"cata-custom-heading cata-element  vc_custom_1516238140737\" ><div style=\"font-size: 18px; text-align:center;color: #ffffff; line-height: 26px; \" class=\"\">LET US HELP YOU MAKE YOUR DREAM WEDDING A REALITY.<\/div><\/div><div id=\"cata_empty_space_lb53p\" class=\"cata-empty-space cata-element\" style=\"height: 30px\" ><\/div><div id=\"cata_button_4tigcjg8e4\" class=\"cata-button cata-btn-center\" ><a class=\"cata-btn cata-btn-style-flat cata-btn-shape-square cata-btn-size-nm\" href=\"https:\/\/www.lamourphuketwedding.com\/contact\/\" rel=\"nofollow\" target=\"_blank\" title=\"BOOK NOW\">BOOK NOW<\/a><\/div><\/div><\/div><\/div><\/div><\/section>\n","protected":false},"excerpt":{"rendered":"\u00c0 PROPOS DE NOUS Hello! Nous sommes L\u2019Amour Thailand Weddings L\u2019Amour Thailand Weddings a \u00e9t\u00e9 fond\u00e9 en 2016 par Natchaya, inspir\u00e9e par les lieux romantiques et magnifiques que l\u2019on trouve \u00e0 travers toute l\u2019\u00eele de [...]","protected":false},"author":1,"featured_media":0,"parent":0,"menu_order":0,"comment_status":"closed","ping_status":"closed","template":"","meta":{"footnotes":""},"class_list":["post-6740","page","type-page","status-publish","hentry"],"_links":{"self":[{"href":"https:\/\/lamourphuketwedding.com\/fr\/wp-json\/wp\/v2\/pages\/6740","targetHints":{"allow":["GET"]}}],"collection":[{"href":"https:\/\/lamourphuketwedding.com\/fr\/wp-json\/wp\/v2\/pages"}],"about":[{"href":"https:\/\/lamourphuketwedding.com\/fr\/wp-json\/wp\/v2\/types\/page"}],"author":[{"embeddable":true,"href":"https:\/\/lamourphuketwedding.com\/fr\/wp-json\/wp\/v2\/users\/1"}],"replies":[{"embeddable":true,"href":"https:\/\/lamourphuketwedding.com\/fr\/wp-json\/wp\/v2\/comments?post=6740"}],"version-history":[{"count":2,"href":"https:\/\/lamourphuketwedding.com\/fr\/wp-json\/wp\/v2\/pages\/6740\/revisions"}],"predecessor-version":[{"id":6744,"href":"https:\/\/lamourphuketwedding.com\/fr\/wp-json\/wp\/v2\/pages\/6740\/revisions\/6744"}],"wp:attachment":[{"href":"https:\/\/lamourphuketwedding.com\/fr\/wp-json\/wp\/v2\/media?parent=6740"}],"curies":[{"name":"wp","href":"https:\/\/api.w.org\/{rel}","templated":true}]}}