{"id":6729,"date":"2025-07-08T10:54:41","date_gmt":"2025-07-08T03:54:41","guid":{"rendered":"https:\/\/lamourphuketwedding.com\/?page_id=6729\/"},"modified":"2025-07-08T11:10:34","modified_gmt":"2025-07-08T04:10:34","slug":"a-la-carte","status":"publish","type":"page","link":"https:\/\/lamourphuketwedding.com\/fr\/a-la-carte\/","title":{"rendered":"A la carte"},"content":{"rendered":"<section class=\"cata-section cata-section-container-stretch\" id=\"section_o7vcy350mb\" style=\"\" ><div class=\"cata-container\"><div class=\"cata-row cata-columns-gap-30\"><div class=\"cata-column wpb_column vc_column_container  col-xs-mobile-fullwidth  col-sm-8\"  id=\"column_f1wy4c05y4\" style=\"\"><div class=\"cata-column-wrapper vc-column-innner-wrapper\" style=\"\">[vc_column_text css_animation=\u00a0\u00bbfadeIn\u00a0\u00bb]<em>Parfait si vous avez d\u00e9j\u00e0 commenc\u00e9 \u00e0 organiser votre mariage \u00e0 Phuket, mais souhaitez confier certains aspects de l\u2019\u00e9v\u00e9nement \u00e0 des professionnels.<\/em><\/p>\n<hr \/>\n<p data-start=\"337\" data-end=\"711\">Notre service <strong data-start=\"351\" data-end=\"365\">\u00c0 la Carte<\/strong> s\u2019adresse aux futurs mari\u00e9s qui ont besoin d\u2019un petit coup de main pour finaliser les derniers d\u00e9tails avant le grand jour. Si vous avez d\u00e9j\u00e0 entam\u00e9 une partie des pr\u00e9paratifs, notre formule de planification partielle vous permet de choisir les services que vous souhaitez que nous prenions en charge \u2013 et ceux que vous pr\u00e9f\u00e9rez g\u00e9rer vous-m\u00eame.<\/p>\n<p data-start=\"713\" data-end=\"1074\">En fonction de vos besoins et de votre budget, nous trouverons la solution id\u00e9ale pour combler les \u00e9l\u00e9ments manquants. Peut-\u00eatre avez-vous d\u00e9j\u00e0 r\u00e9serv\u00e9 votre groupe pr\u00e9f\u00e9r\u00e9, mais vous cherchez encore le lieu parfait pour votre r\u00e9ception. Ou bien vous avez une id\u00e9e pr\u00e9cise du th\u00e8me de votre mariage, mais avez besoin d\u2019un professionnel pour cr\u00e9er la d\u00e9coration.<\/p>\n<p data-start=\"1076\" data-end=\"1324\">Quels que soient les \u00e9l\u00e9ments qu\u2019il vous reste \u00e0 organiser, nous serons ravis de vous accompagner. Inutile de vous sentir d\u00e9pass\u00e9 par la recherche d\u2019un lieu, d\u2019un DJ ou d\u2019un traiteur : nous avons l\u2019expertise pour coordonner tout cela avec fluidit\u00e9.<\/p>\n<p data-start=\"1326\" data-end=\"1556\">Et bien s\u00fbr, le jour J, notre professionnelle d\u00e9vou\u00e9e de L\u2019Amour, Natchaya, sera pr\u00e9sente pour veiller \u00e0 ce que tout se d\u00e9roule parfaitement, afin que vous puissiez profiter pleinement de chaque moment magique avec vos invit\u00e9s.<\/p>\n[\/vc_column_text]<h3 class=\"heading-title style1 text-center\" ><span><i><\/i> A la Carte<\/span><\/h3><\/div><\/div><div class=\"cata-column wpb_column vc_column_container  col-xs-mobile-fullwidth  col-sm-4\"  id=\"column_uh7lw842kf\" style=\"\"><div class=\"cata-column-wrapper vc-column-innner-wrapper\" style=\"\">[vc_gallery interval=\u00a0\u00bb3&Prime; images=\u00a0\u00bb5581&Prime; img_size=\u00a0\u00bblarge\u00a0\u00bb]<\/div><\/div><\/div><\/div><\/section>\n","protected":false},"excerpt":{"rendered":"[vc_column_text css_animation=\"fadeIn\"]Parfait si vous avez d\u00e9j\u00e0 commenc\u00e9 \u00e0 organiser votre mariage \u00e0 Phuket, mais souhaitez confier certains aspects de l\u2019\u00e9v\u00e9nement \u00e0 des professionnels. Notre service \u00c0 la Carte s\u2019adresse aux futurs mari\u00e9s qui ont besoin [...]","protected":false},"author":1,"featured_media":0,"parent":0,"menu_order":0,"comment_status":"closed","ping_status":"closed","template":"","meta":{"footnotes":""},"class_list":["post-6729","page","type-page","status-publish","hentry"],"_links":{"self":[{"href":"https:\/\/lamourphuketwedding.com\/fr\/wp-json\/wp\/v2\/pages\/6729","targetHints":{"allow":["GET"]}}],"collection":[{"href":"https:\/\/lamourphuketwedding.com\/fr\/wp-json\/wp\/v2\/pages"}],"about":[{"href":"https:\/\/lamourphuketwedding.com\/fr\/wp-json\/wp\/v2\/types\/page"}],"author":[{"embeddable":true,"href":"https:\/\/lamourphuketwedding.com\/fr\/wp-json\/wp\/v2\/users\/1"}],"replies":[{"embeddable":true,"href":"https:\/\/lamourphuketwedding.com\/fr\/wp-json\/wp\/v2\/comments?post=6729"}],"version-history":[{"count":1,"href":"https:\/\/lamourphuketwedding.com\/fr\/wp-json\/wp\/v2\/pages\/6729\/revisions"}],"predecessor-version":[{"id":6730,"href":"https:\/\/lamourphuketwedding.com\/fr\/wp-json\/wp\/v2\/pages\/6729\/revisions\/6730"}],"wp:attachment":[{"href":"https:\/\/lamourphuketwedding.com\/fr\/wp-json\/wp\/v2\/media?parent=6729"}],"curies":[{"name":"wp","href":"https:\/\/api.w.org\/{rel}","templated":true}]}}