{"id":6254,"date":"2017-04-18T16:40:03","date_gmt":"2017-04-18T16:40:03","guid":{"rendered":"https:\/\/www.lamourphuketwedding.com\/phuket-wedding-event-planner\/"},"modified":"2023-11-04T10:51:25","modified_gmt":"2023-11-04T03:51:25","slug":"mariage-evenement-phuket","status":"publish","type":"page","link":"https:\/\/lamourphuketwedding.com\/fr\/","title":{"rendered":"L&rsquo;Amour &#8211; Mariages et \u00e9v\u00e8nements \u00e0 Phuket"},"content":{"rendered":"<section class=\"cata-section cata-section-container-stretch\" id=\"section_9kk8lfyaqj\" style=\"\" ><div class=\"cata-container\"><div class=\"cata-row cata-columns-gap-30\"><div class=\"cata-column wpb_column vc_column_container  col-xs-mobile-fullwidth col-sm-12\"  id=\"column_9c8xjtvyux\" style=\"\"><div class=\"cata-column-wrapper vc-column-innner-wrapper\" style=\"\">[rev_slider_vc alias=\u00a0\u00bbhome20-wedding-planing\u00a0\u00bb]<\/div><\/div><\/div><\/div><\/section><section class=\"cata-section cata-section-container-stretch has-animation\" id=\"section_te906ye85z\" style=\" margin-bottom:50px;\" data-animation-type=\"fadeInUp\" data-animation-duration=\"700\" data-animation-delay=\"0\"><div class=\"cata-container\"><div class=\"cata-row cata-columns-gap-30\"><div class=\"cata-column wpb_column vc_column_container text-left  col-xs-mobile-fullwidth col-sm-12\"  id=\"column_tmxo37jdio\" style=\"\"><div class=\"cata-column-wrapper vc-column-innner-wrapper\" style=\"\"><h3 class=\"heading-title style1 text-center\" ><span><i><\/i> Ce Que Nous Faisons<\/span><\/h3><div class=\"cata-text-column cata-element  vc_custom_1699069353340 color-dark\" >\r\n\t\t\t\t\t<div class=\"text_wrapper\"><p style=\"text-align: center;\"><strong>Une op\u00e9ration franco-tha\u00eflandaise sp\u00e9cialis\u00e9e dans les services de mariage et \u00e9v\u00e8nements \u00e0 Phuket.<\/strong><\/p>\n<p style=\"text-align: center;\"><strong>Sur la magnifique \u00eele tropicale de Phuket, en Tha\u00eflande, laissez une \u00e9quipe internationale de wedding planner, d&rsquo;organisateurs et de stylistes vous aider \u00e0 cr\u00e9er votre Grand Jour sur mesure ou votre sp\u00e9cial \u00e9v\u00e8nement.<\/strong><\/p>\n<p style=\"text-align: center;\">Chez L\u2019Amour, nous sommes convaincus que chaque d\u00e9tail de votre mariage, \u00e9v\u00e8nement est important.<\/p>\n<p style=\"text-align: center;\">Nous coordonnons tous les \u00e9l\u00e9ments pour \u00eatre en parfaite harmonie avec votre vision. Du style de vos cartes \u00ab\u00a0Save the Date\u00a0\u00bb, invitations de mariage, menu et programme aux cabines photo, tables de desserts, sc\u00e8ne musicale ou blog de mariage! Nous travaillons sans rel\u00e2che avec des sp\u00e9cialistes et des designers pour transformer vos r\u00eaves en r\u00e9alit\u00e9.<\/p>\n<p style=\"text-align: center;\">Pour une finition polie, livr\u00e9e avec une touche d&rsquo;\u00e9l\u00e9gance, de finesse &#8211; et bien s\u00fbr d&rsquo;amour &#8211; laissez l&rsquo;un des plus m\u00e9morables et jours joyeux de votre vie entre nos mains comp\u00e9tentes.<\/p>\n<\/div>\r\n\t\t\t\t<\/div><\/div><\/div><\/div><\/div><\/section><section class=\"cata-section cata-section-container-stretch\" id=\"section_grt8u9fdkv\" style=\"\" ><div class=\"cata-container\"><div class=\"cata-row cata-columns-gap-30\"><div class=\"cata-column wpb_column vc_column_container  col-xs-mobile-fullwidth col-sm-12\"  id=\"column_iv0ij09m7c\" style=\"\"><div class=\"cata-column-wrapper vc-column-innner-wrapper\" style=\"\"><h3 class=\"heading-title style1 text-center\" ><span><i>WEDDINGS<\/i> Ce Que Nous Offerons<\/span><\/h3><\/div><\/div><\/div><\/div><\/section><section class=\"cata-section cata-section-container-stretch\" id=\"section_spyix0ygtq\" style=\" margin-bottom:80px;\" ><div class=\"cata-container\"><div class=\"cata-row cata-columns-gap-30\"><div class=\"cata-column wpb_column vc_column_container text-left has-animation  col-xs-mobile-fullwidth  col-sm-3\" data-animation-type=\"fadeInUp\" data-animation-duration=\"600\" data-animation-delay=\"0\" id=\"column_66enj3a7l2\" style=\"\"><div class=\"cata-column-wrapper vc-column-innner-wrapper\" style=\"\">\t\t<div id=\"cata_single_image_vhbndwcp4w\" class=\"cata-single-image cata-element img-left effect-border\" >\r\n\t\t\t<div><figure>\r\n\t\t\t\t<div class=\"layer\"><\/div>\t\t\t<\/figure><\/div>\r\n\t\t<\/div>\r\n\t\t<div id=\"cata_empty_space_kewgh\" class=\"cata-empty-space cata-element\" style=\"height: 25px\" ><\/div><div id=\"cata_custom_heading_dlejmdpf0n\" class=\"cata-custom-heading cata-element \" ><h6 style=\"font-size: 16px; text-align:center;line-height: 23px; \" class=\"\"><a href=\"https:\/\/www.lamourphuketwedding.com\/a-to-z\/\">De A \u00e0 Z<\/a><\/h6><\/div><\/div><\/div><div class=\"cata-column wpb_column vc_column_container text-left has-animation  col-xs-mobile-fullwidth  col-sm-3\" data-animation-type=\"fadeInUp\" data-animation-duration=\"600\" data-animation-delay=\"0\" id=\"column_25g6fs5uk1\" style=\"\"><div class=\"cata-column-wrapper vc-column-innner-wrapper\" style=\"\">\t\t<div id=\"cata_single_image_i044mms4ns\" class=\"cata-single-image cata-element img-left effect-square\" >\r\n\t\t\t<div><figure>\r\n\t\t\t\t<img loading=\"lazy\" decoding=\"async\" width=\"520\" height=\"423\" src=\"https:\/\/lamourphuketwedding.com\/wp-content\/uploads\/2018\/01\/1.jpg\" class=\"cata-image-img attachment-full\" alt=\"\" \/>\t\t\t<\/figure><\/div>\r\n\t\t<\/div>\r\n\t\t<div id=\"cata_empty_space_mgpkx\" class=\"cata-empty-space cata-element\" style=\"height: 25px\" ><\/div><div id=\"cata_custom_heading_524gw3kzki\" class=\"cata-custom-heading cata-element \" ><h6 style=\"font-size: 16px; text-align:center;line-height: 23px; \" class=\"\"><a href=\"https:\/\/www.lamourphuketwedding.com\/a-la-carte\/\">A la carte<\/a><\/h6><\/div><\/div><\/div><div class=\"cata-column wpb_column vc_column_container text-left has-animation  col-xs-mobile-fullwidth  col-sm-3\" data-animation-type=\"fadeInUp\" data-animation-duration=\"600\" data-animation-delay=\"0\" id=\"column_zngfk0funs\" style=\"\"><div class=\"cata-column-wrapper vc-column-innner-wrapper\" style=\"\">\t\t<div id=\"cata_single_image_jxssyj1843\" class=\"cata-single-image cata-element img-left effect-border\" >\r\n\t\t\t<div><figure>\r\n\t\t\t\t<div class=\"layer\"><\/div>\t\t\t<\/figure><\/div>\r\n\t\t<\/div>\r\n\t\t<div id=\"cata_empty_space_bns64\" class=\"cata-empty-space cata-element\" style=\"height: 25px\" ><\/div><div id=\"cata_custom_heading_vierzjzrd3\" class=\"cata-custom-heading cata-element \" ><h6 style=\"font-size: 16px; text-align:center;line-height: 23px; \" class=\"\"><a href=\"https:\/\/www.lamourphuketwedding.com\/wedding-day-co-ordination\/\">Coordination<\/a><\/h6><\/div><\/div><\/div><div class=\"cata-column wpb_column vc_column_container text-left has-animation  col-xs-mobile-fullwidth  col-sm-3\" data-animation-type=\"fadeInUp\" data-animation-duration=\"700\" data-animation-delay=\"0\" id=\"column_xf7vfks9vs\" style=\"\"><div class=\"cata-column-wrapper vc-column-innner-wrapper\" style=\"\">\t\t<div id=\"cata_single_image_3c6wwrt22b\" class=\"cata-single-image cata-element img-left effect-square\" >\r\n\t\t\t<div><figure>\r\n\t\t\t\t\t\t\t<\/figure><\/div>\r\n\t\t<\/div>\r\n\t\t<div id=\"cata_empty_space_3t0hm\" class=\"cata-empty-space cata-element\" style=\"height: 25px\" ><\/div><div id=\"cata_custom_heading_1si2hbxg6d\" class=\"cata-custom-heading cata-element \" ><h6 style=\"font-size: 16px; text-align:center;line-height: 23px; \" class=\"\"><a href=\"https:\/\/www.lamourphuketwedding.com\/event-design\/\">Cr\u00e9ation et Design<\/a><\/h6><\/div><\/div><\/div><\/div><\/div><\/section><section class=\"cata-section cata-section-container-stretch\" id=\"section_zhsl9fxaz2\" style=\" padding-top:125px; padding-bottom:100px;background-color:#f7f7f7;\" ><div class=\"cata-container\"><div class=\"cata-row cata-columns-gap-30\"><div class=\"cata-column wpb_column vc_column_container text-left ipad-padding-right-30px mobile-padding-right-15px  col-xs-mobile-fullwidth  col-sm-6\"  id=\"column_132myu13hn\" style=\"padding-right:60px;\"><div class=\"cata-column-wrapper vc-column-innner-wrapper\" style=\"\"><h3 class=\"heading-title style2 text-left\" ><span>Vous R\u00eavez d'un Mariage sur une Ile Exotique?<\/span><\/h3><div id=\"cata_empty_space_zlb04\" class=\"cata-empty-space cata-element\" style=\"height: 10px\" ><\/div><div class=\"cata-text-column cata-element  color-dark\" >\r\n\t\t\t\t\t<div class=\"text_wrapper\"><p>Chez L\u2019Amour, nous sommes passionn\u00e9s par la r\u00e9alisation des r\u00eaves des amoureux dans le cadre enchanteur de la c\u00e9l\u00e8bre \u00eele de Phuket en Tha\u00eflande.<\/p>\n<\/div>\r\n\t\t\t\t<\/div><div id=\"cata_empty_space_icj5z\" class=\"cata-empty-space cata-element\" style=\"height: 20px\" ><\/div>\t\t\t<div id=\"list_baq8axuq00\" class=\"cata-list fontlist bullet-caret-circle has-animation\" data-animation-type=\"fadeInUp\" data-animation-duration=\"700\" data-animation-delay=\"0\">\r\n\t\t\t\t<ul>\n<li>En tant qu\u2019organisateurs de mariage, nous nous effor\u00e7ons de faire en sorte que votre journ\u00e9e de mariage \u00e0 Phuket soit remplie de pr\u00e9cieux souvenirs qui seront conserv\u00e9s par vous et vos invit\u00e9s pour les ann\u00e9es \u00e0 venir. Mariez-vous au paradis avec notre service personnalis\u00e9 adapt\u00e9 \u00e0 tous vos besoins, ici m\u00eame sur l&rsquo;\u00eele.<\/li>\n<li>Nous aidons les couples du monde entier qui souhaitent se marier en Tha\u00eflande avec un subtil m\u00e9lange de d\u00e9licatesse, d&rsquo;authenticit\u00e9 et de comp\u00e9tence. La planification d&rsquo;un mariage peut \u00eatre intimidante, mais notre \u00e9quipe exp\u00e9riment\u00e9e est en mesure d&rsquo;accueillir chaque \u00e9tape du processus pour vous laisser libre de profiter de votre engagement.<\/li>\n<\/ul>\t\t\t<\/div>\r\n\t\t<div id=\"cata_empty_space_xlwct\" class=\"cata-empty-space cata-element\" style=\"height: 30px\" ><\/div><div id=\"cata_button_l7duupt0a4\" class=\"cata-button cata-btn-inline\" ><a class=\"cata-btn cata-btn-style-classic cata-btn-shape-square cata-btn-size-nm\" href=\"https:\/\/www.lamourphuketwedding.com\/contact\/\" rel=\"nofollow\" target=\"_blank\" title=\"CONTACT NOW\">CONTACT NOW<\/a><\/div><\/div><\/div><div class=\"cata-column wpb_column vc_column_container  col-xs-mobile-fullwidth  col-sm-6\"  id=\"column_yjtgwb3hqn\" style=\"\"><div class=\"cata-column-wrapper vc-column-innner-wrapper\" style=\"\">[vc_images_carousel images=\u00a0\u00bb6119,6120,6122,6124,6125&Prime; img_size=\u00a0\u00bb900&#215;500&Prime; autoplay=\u00a0\u00bbyes\u00a0\u00bb]<\/div><\/div><\/div><\/div><\/section><section class=\"cata-section cata-section-container-stretch has-animation hide\" id=\"section_fhopprzoti\" style=\"\" data-animation-type=\"fadeInUp\" data-animation-duration=\"700\" data-animation-delay=\"0\"><div class=\"cata-container\"><div class=\"cata-row cata-columns-gap-30\"><div class=\"cata-column wpb_column vc_column_container  col-xs-mobile-fullwidth col-sm-12\"  id=\"column_l1tl0d380y\" style=\"\"><div class=\"cata-column-wrapper vc-column-innner-wrapper\" style=\"\"><h3 class=\"heading-title style1 text-center\" ><span><i><\/i> Testimonials<\/span><\/h3><\/div><\/div><\/div><\/div><\/section><section class=\"cata-section cata-section-container-stretch\" id=\"section_71shvfneai\" style=\" margin-bottom:20px;\" ><div class=\"cata-container\"><div class=\"cata-row cata-columns-gap-30\"><div class=\"cata-column wpb_column vc_column_container  col-xs-mobile-fullwidth col-sm-12\"  id=\"column_isekp0m8qk\" style=\"\"><div class=\"cata-column-wrapper vc-column-innner-wrapper\" style=\"\"><h3 class=\"heading-title style1 text-center has-animation\" data-animation-type=\"fadeInUp\" data-animation-duration=\"700\" data-animation-delay=\"0\"><span><i>NEWS<\/i> From Our Blog<\/span><\/h3><div id=\"cata_empty_space_4hp50\" class=\"cata-empty-space cata-element\" style=\"height: 8px\" ><\/div>\t\t\t\r\n\t\t\t\t<\/div><\/div><\/div><\/div><\/section><section class=\"cata-section cata-section-container-stretch has-animation cata-parallax-bg\" id=\"section_0xxsd6t9a6\" data-prlx-speed=\"0.1\" style=\" padding-top:170px; padding-bottom:150px; margin-bottom:-60px;\" data-animation-type=\"fadeInUp\" data-animation-duration=\"700\" data-animation-delay=\"0\"><div class=\"selection-overlay\" style=\"opacity:0.6; background-color:#000000;\"><\/div><div class=\"cata-container\"><div class=\"cata-row cata-columns-gap-30\"><div class=\"cata-column wpb_column vc_column_container  col-xs-mobile-fullwidth col-sm-12\"  id=\"column_ec1zgocf3i\" style=\"\"><div class=\"cata-column-wrapper vc-column-innner-wrapper\" style=\"\"><div id=\"cata_custom_heading_pkzp5av638\" class=\"cata-custom-heading cata-element  vc_custom_1516236378479\" ><h4 style=\"font-size: 50px; text-align:center;color: #ffffff; line-height: 60px; \" class=\"\">Fallen in love yet?<\/h4><\/div><div id=\"cata_custom_heading_wegoom9faf\" class=\"cata-custom-heading cata-element  vc_custom_1516236390638\" ><div style=\"font-size: 16px; text-align:center;color: #ffffff; line-height: 26px; \" class=\"\"> LET US HELP YOU MAKE YOUR DREAM WEDDING A REALITY.<\/div><\/div><div id=\"cata_empty_space_1lfc1\" class=\"cata-empty-space cata-element\" style=\"height: 30px\" ><\/div><div id=\"cata_button_8rsnvbv4hx\" class=\"cata-button cata-btn-center\" ><a class=\"cata-btn cata-btn-style-flat cata-btn-shape-square cata-btn-size-nm\" href=\"https:\/\/www.lamourphuketwedding.com\/contact\/\" rel=\"nofollow\" title=\"CONTACT NOW\">CONTACT NOW<\/a><\/div><\/div><\/div><\/div><\/div><\/section>\n","protected":false},"excerpt":{"rendered":"[rev_slider_vc alias=\"home20-wedding-planing\"] Ce Que Nous Faisons Une op\u00e9ration franco-tha\u00eflandaise sp\u00e9cialis\u00e9e dans les services de mariage et \u00e9v\u00e8nements \u00e0 Phuket. Sur la magnifique \u00eele tropicale de Phuket, en Tha\u00eflande, laissez une \u00e9quipe internationale de wedding planner, [...]","protected":false},"author":1,"featured_media":0,"parent":0,"menu_order":0,"comment_status":"closed","ping_status":"closed","template":"","meta":{"footnotes":""},"class_list":["post-6254","page","type-page","status-publish","hentry"],"_links":{"self":[{"href":"https:\/\/lamourphuketwedding.com\/fr\/wp-json\/wp\/v2\/pages\/6254","targetHints":{"allow":["GET"]}}],"collection":[{"href":"https:\/\/lamourphuketwedding.com\/fr\/wp-json\/wp\/v2\/pages"}],"about":[{"href":"https:\/\/lamourphuketwedding.com\/fr\/wp-json\/wp\/v2\/types\/page"}],"author":[{"embeddable":true,"href":"https:\/\/lamourphuketwedding.com\/fr\/wp-json\/wp\/v2\/users\/1"}],"replies":[{"embeddable":true,"href":"https:\/\/lamourphuketwedding.com\/fr\/wp-json\/wp\/v2\/comments?post=6254"}],"version-history":[{"count":8,"href":"https:\/\/lamourphuketwedding.com\/fr\/wp-json\/wp\/v2\/pages\/6254\/revisions"}],"predecessor-version":[{"id":6261,"href":"https:\/\/lamourphuketwedding.com\/fr\/wp-json\/wp\/v2\/pages\/6254\/revisions\/6261"}],"wp:attachment":[{"href":"https:\/\/lamourphuketwedding.com\/fr\/wp-json\/wp\/v2\/media?parent=6254"}],"curies":[{"name":"wp","href":"https:\/\/api.w.org\/{rel}","templated":true}]}}