{"id":6019,"date":"2018-07-10T15:53:29","date_gmt":"2018-07-10T08:53:29","guid":{"rendered":"https:\/\/www.lamourphuketwedding.com\/?page_id=6019\/"},"modified":"2025-07-08T11:13:19","modified_gmt":"2025-07-08T04:13:19","slug":"a-to-z","status":"publish","type":"page","link":"https:\/\/lamourphuketwedding.com\/fr\/a-to-z\/","title":{"rendered":"A to Z"},"content":{"rendered":"<section class=\"cata-section cata-section-container-stretch\" id=\"section_pkor3b1fxx\" style=\" margin-bottom:100px;\" ><div class=\"cata-container\"><div class=\"cata-row cata-columns-gap-30\"><div class=\"cata-column wpb_column vc_column_container  col-xs-mobile-fullwidth  col-sm-3\"  id=\"column_vasinx7ss0\" style=\"\"><div class=\"cata-column-wrapper vc-column-innner-wrapper\" style=\"\"><\/div><\/div><div class=\"cata-column wpb_column vc_column_container  col-xs-mobile-fullwidth  col-sm-6\"  id=\"column_cx50hf4pa7\" style=\"\"><div class=\"cata-column-wrapper vc-column-innner-wrapper\" style=\"\"><div id=\"cata_autotyping_text_pxor8tv9dr\" class=\"cata-autotyping-text cata-element  vc_custom_1516216145016\" data-params='{\"strings\":[\"A to Z\"],\"contentType\":\"html\",\"typeSpeed\":100,\"backSpeed\":50,\"startDelay\":50,\"backDelay\":500,\"loop\":true,\"loopCount\":10,\"showCursor\":true,\"cursorChar\":\"_\"}'  style=\"font-size: 35px; text-align:center;color: {36bf74e4da690483b2db9caffda48b8b4ab926cee13c6c1e65f511c6c47e1bde}23282828; line-height: 42px; \"> <span class=\"content-auto-typing\"><\/span> <\/div><div class=\"cata-text-column cata-element  color-dark\" >\r\n\t\t\t\t\t<div class=\"text_wrapper\"><p data-start=\"0\" data-end=\"157\"><em>Id\u00e9al pour les couples qui souhaitent un accompagnement sur le terrain par des wedding planners \u00e0 chaque \u00e9tape de la conception de leur mariage \u00e0 Phuket.<\/em><\/p>\n<p data-start=\"159\" data-end=\"303\">La pr\u00e9paration de votre grand jour peut \u00eatre extr\u00eamement stressante et prendre \u00e9norm\u00e9ment de temps. Laissez\u2011nous vous \u00f4ter ce poids des \u00e9paules.<\/p>\n<p data-start=\"305\" data-end=\"624\">Notre service <strong data-start=\"319\" data-end=\"335\">\u00ab\u202fde A \u00e0 Z\u202f\u00bb<\/strong> vous guide pas \u00e0 pas, en couvrant tous les aspects cr\u00e9atifs, organisationnels, techniques et logistiques de vos c\u00e9l\u00e9brations de mariage en Tha\u00eflande. Nous organisons d\u2019abord une consultation initiale, en personne ou par video conf\u00e9rence, afin de discuter en d\u00e9tail de vos besoins et de vos attentes.<\/p>\n<p data-start=\"626\" data-end=\"887\">Tout d\u2019abord, nous vous aidons \u00e0 trouver le lieu de mariage parfait. Qu\u2019il s\u2019agisse d\u2019une villa priv\u00e9e, d\u2019un acc\u00e8s exclusif \u00e0 une plage, d\u2019un resort de luxe ou d\u2019un yacht haut de gamme, nous avons les moyens de vous offrir le cadre id\u00e9al pour \u00e9changer vos v\u0153ux.<\/p>\n<p data-start=\"889\" data-end=\"1147\">Nous nous mettons ensuite au travail pour s\u00e9lectionner votre traiteur, fleuriste, DJ, cr\u00e9ateur de g\u00e2teau de mariage, photographe \u2013 et bien plus encore\u202f! Partagez\u2011nous vos id\u00e9es\u202f: nous transformerons vos r\u00eaves de mariage en la plus belle journ\u00e9e de votre vie.<\/p>\n<p data-start=\"1149\" data-end=\"1489\" data-is-last-node=\"\" data-is-only-node=\"\">Le service <strong data-start=\"1160\" data-end=\"1176\">\u00ab\u202fde A \u00e0 Z\u202f\u00bb<\/strong> est parfait pour les couples tr\u00e8s occup\u00e9s qui ont besoin de mains expertes pour concr\u00e9tiser leur mariage. Tout au long du processus, nous vous offrons conseils et accompagnement par e\u2011mail, t\u00e9l\u00e9phone et video conf\u00e9rence. Nul besoin de ressentir le trac d\u2019avant\u2011mariage\u202f: nous sommes toujours disponibles en un simple clic\u202f!<\/p>\n<\/div>\r\n\t\t\t\t<\/div><div id=\"cata_empty_space_80z75\" class=\"cata-empty-space cata-element\" style=\"height: 25px\" ><\/div><\/div><\/div><div class=\"cata-column wpb_column vc_column_container  col-xs-mobile-fullwidth  col-sm-3\"  id=\"column_svyddteu1n\" style=\"\"><div class=\"cata-column-wrapper vc-column-innner-wrapper\" style=\"\"><\/div><\/div><\/div><\/div><\/section><section class=\"cata-section cata-section-container-stretch cata-parallax-bg\" id=\"section_mx030ufv7s\" data-prlx-speed=\"0.1\" style=\" padding-top:125px; padding-bottom:125px; margin-bottom:-60px;\" ><div class=\"cata-container\"><div class=\"cata-row cata-columns-gap-30\"><div class=\"cata-column wpb_column vc_column_container  col-xs-mobile-fullwidth  col-sm-3\"  id=\"column_i6kopf1txn\" style=\"\"><div class=\"cata-column-wrapper vc-column-innner-wrapper\" style=\"\"><\/div><\/div><div class=\"cata-column wpb_column vc_column_container  col-xs-mobile-fullwidth  col-sm-6\"  id=\"column_19zhmz06g6\" style=\"\"><div class=\"cata-column-wrapper vc-column-innner-wrapper\" style=\"\"><div class=\"cata-text-column cata-element  color-white\" >\r\n\t\t\t\t\t<div class=\"text_wrapper\"><p style=\"text-align: center;\"><strong>Don\u2019t wait any longer: trust Natchaya and Paul at L\u2019Amour with your wedding plans.<\/strong><\/p>\n<\/div>\r\n\t\t\t\t<\/div><div id=\"cata_button_40zhy7lmsu\" class=\"cata-button cata-btn-center\" ><a class=\"cata-btn cata-btn-style-flat cata-btn-shape-rounded cata-btn-size-nm\" href=\"https:\/\/www.lamourphuketwedding.com\/contact\/\" title=\"CONTACT NOW\">CONTACT NOW<\/a><\/div><\/div><\/div><div class=\"cata-column wpb_column vc_column_container  col-xs-mobile-fullwidth  col-sm-3\"  id=\"column_2liez8ruk6\" style=\"\"><div class=\"cata-column-wrapper vc-column-innner-wrapper\" style=\"\"><\/div><\/div><\/div><\/div><\/section><section class=\"cata-section cata-section-container-stretch\" id=\"section_e1y7ib0yo4\" style=\"\" ><div class=\"cata-container\"><div class=\"cata-row cata-columns-gap-30\"><div class=\"cata-column wpb_column vc_column_container  col-xs-mobile-fullwidth col-sm-12\"  id=\"column_w427gusufx\" style=\"\"><div class=\"cata-column-wrapper vc-column-innner-wrapper\" style=\"\">[vc_column_text]\n[\/vc_column_text]<\/div><\/div><\/div><\/div><\/section>\n","protected":false},"excerpt":{"rendered":"Id\u00e9al pour les couples qui souhaitent un accompagnement sur le terrain par des wedding planners \u00e0 chaque \u00e9tape de la conception de leur mariage \u00e0 Phuket. La pr\u00e9paration de votre grand jour peut \u00eatre extr\u00eamement [...]","protected":false},"author":1,"featured_media":0,"parent":0,"menu_order":0,"comment_status":"closed","ping_status":"closed","template":"","meta":{"footnotes":""},"class_list":["post-6019","page","type-page","status-publish","hentry"],"_links":{"self":[{"href":"https:\/\/lamourphuketwedding.com\/fr\/wp-json\/wp\/v2\/pages\/6019","targetHints":{"allow":["GET"]}}],"collection":[{"href":"https:\/\/lamourphuketwedding.com\/fr\/wp-json\/wp\/v2\/pages"}],"about":[{"href":"https:\/\/lamourphuketwedding.com\/fr\/wp-json\/wp\/v2\/types\/page"}],"author":[{"embeddable":true,"href":"https:\/\/lamourphuketwedding.com\/fr\/wp-json\/wp\/v2\/users\/1"}],"replies":[{"embeddable":true,"href":"https:\/\/lamourphuketwedding.com\/fr\/wp-json\/wp\/v2\/comments?post=6019"}],"version-history":[{"count":5,"href":"https:\/\/lamourphuketwedding.com\/fr\/wp-json\/wp\/v2\/pages\/6019\/revisions"}],"predecessor-version":[{"id":6739,"href":"https:\/\/lamourphuketwedding.com\/fr\/wp-json\/wp\/v2\/pages\/6019\/revisions\/6739"}],"wp:attachment":[{"href":"https:\/\/lamourphuketwedding.com\/fr\/wp-json\/wp\/v2\/media?parent=6019"}],"curies":[{"name":"wp","href":"https:\/\/api.w.org\/{rel}","templated":true}]}}